{"id":2928,"date":"2015-11-06T10:53:37","date_gmt":"2015-11-06T09:53:37","guid":{"rendered":"https:\/\/blog.fesomia.cat\/es\/?page_id=2928"},"modified":"2015-11-06T10:54:43","modified_gmt":"2015-11-06T09:54:43","slug":"sobre-el-blog-de-enraona","status":"publish","type":"page","link":"https:\/\/blog.fesomia.cat\/es\/sobre-el-blog-de-enraona\/","title":{"rendered":"Sobre el blog de Enraona"},"content":{"rendered":"<p><strong>\u00bfQu\u00e9 es?<\/strong><\/p>\n<p>Es un sitio web donde la gente de <a title=\"El lloc web de la nostra empresa\" href=\"http:\/\/www.fesomia.cat\">Fesomia<\/a> volcamos algunas reflexiones sobre el mundo de Internet, las organizaciones y las empresas. Y entendemos <em>empresa<\/em> no s\u00f3lo en el sentido mercantil de la palabra, sino tambi\u00e9n en cualquier forma que represente el desarrollo de un proyecto importante para cualquier emprendedor.<\/p>\n<p><strong>\u00bfY por qu\u00e9?<\/strong><\/p>\n<p>Para que este <a href=\"http:\/\/es.wikipedia.org\/wiki\/Blog\">blog<\/a> nos permite almacenar reflexiones que nos hacemos constantemente en Fesomia. Ya sea trabajando, haciendo un descanso, cenando, caminando por la monta\u00f1a o mirando la tele, siempre salta alg\u00fan tema de debate sobre nuestro mundo profesional.<\/p>\n<p>Nos emociona que Internet haya puesto en marcha una revoluci\u00f3n que corre desde las grandes corporaciones hasta los usuarios personales, pero a veces nos parece que por el barrio de la peque\u00f1a y mediana empresa no se decide a pasar. Y los vecinos de este barrio tambi\u00e9n nos lo merecemos.<\/p>\n<p><strong>\u00bfA qui\u00e9n va dirigido?<\/strong><\/p>\n<p>De entrada a nosotros mismos. Entendemos la Red como un medio a integrar en las actividades de las personas, m\u00e1s que como una actividad m\u00e1s. Por eso \u00abEl blog de Enraona\u00bb nos sirve a nosotros mismos para fijar ideas y para reencontrarlas luego.<\/p>\n<p>Tambi\u00e9n, ni que decir cabe, es un espacio abierto. Nos gustar\u00e1 que participes activamente si crees que tienes algo que decir o contradecir.<\/p>\n<p><strong>Esta canci\u00f3n ya la conozco. <\/strong><\/p>\n<p>Bueno, si eres una persona con cierta experiencia en Internet y el mundo que lo rodea, es posible que encuentres aqu\u00ed cosas demasiado elementales, simples o repetitivas. Normal. Como ya hemos dicho, nos movemos en un c\u00edrculo donde la Red todav\u00eda no es del todo un medio de colaboraci\u00f3n y productividad, por eso iremos poco a poco.<\/p>\n<p>Y aunque somos una empresa tecnol\u00f3gica, en el blog no acostumbramos a hablar de inform\u00e1tica o de tendencias. Ya sabes, para estar a la \u00faltima todos conocemos muchos otros blogs que lo hacen muy bien.<\/p>\n<p>Hala, gracias por estar.<\/p>\n<p>&nbsp;<\/p>\n<p style=\"text-align: right;\"><em>\u2014\u00a01 de septiembre de 2007<\/em><\/p>\n","protected":false},"excerpt":{"rendered":"<p>\u00bfQu\u00e9 es? Es un sitio web donde la gente de Fesomia volcamos algunas reflexiones sobre el mundo de Internet, las organizaciones y las empresas. Y entendemos empresa no s\u00f3lo en el sentido mercantil de la palabra, sino tambi\u00e9n en cualquier forma que represente el desarrollo de un proyecto importante para cualquier emprendedor. \u00bfY por qu\u00e9?&hellip; <a class=\"more-link\" href=\"https:\/\/blog.fesomia.cat\/es\/sobre-el-blog-de-enraona\/\">Seguir leyendo <span class=\"screen-reader-text\">Sobre el blog de Enraona<\/span><\/a><\/p>\n","protected":false},"author":2,"featured_media":0,"parent":0,"menu_order":0,"comment_status":"closed","ping_status":"closed","template":"","meta":{"footnotes":""},"class_list":["post-2928","page","type-page","status-publish","hentry","entry"],"yoast_head":"<!-- This site is optimized with the Yoast SEO plugin v27.3 - https:\/\/yoast.com\/product\/yoast-seo-wordpress\/ -->\n<title>Sobre el blog de Enraona - El blog de Fesomia<\/title>\n<meta name=\"robots\" content=\"index, follow, max-snippet:-1, max-image-preview:large, max-video-preview:-1\" \/>\n<link rel=\"canonical\" href=\"https:\/\/blog.fesomia.cat\/es\/sobre-el-blog-de-enraona\/\" \/>\n<meta property=\"og:locale\" content=\"es_ES\" \/>\n<meta property=\"og:type\" content=\"article\" \/>\n<meta property=\"og:title\" content=\"Sobre el blog de Enraona - El blog de Fesomia\" \/>\n<meta property=\"og:description\" content=\"\u00bfQu\u00e9 es? Es un sitio web donde la gente de Fesomia volcamos algunas reflexiones sobre el mundo de Internet, las organizaciones y las empresas. Y entendemos empresa no s\u00f3lo en el sentido mercantil de la palabra, sino tambi\u00e9n en cualquier forma que represente el desarrollo de un proyecto importante para cualquier emprendedor. \u00bfY por qu\u00e9?&hellip; Seguir leyendo Sobre el blog de Enraona\" \/>\n<meta property=\"og:url\" content=\"https:\/\/blog.fesomia.cat\/es\/sobre-el-blog-de-enraona\/\" \/>\n<meta property=\"og:site_name\" content=\"El blog de Fesomia\" \/>\n<meta property=\"article:modified_time\" content=\"2015-11-06T09:54:43+00:00\" \/>\n<meta name=\"twitter:card\" content=\"summary_large_image\" \/>\n<meta name=\"twitter:label1\" content=\"Tiempo de lectura\" \/>\n\t<meta name=\"twitter:data1\" content=\"2 minutos\" \/>\n<script type=\"application\/ld+json\" class=\"yoast-schema-graph\">{\"@context\":\"https:\\\/\\\/schema.org\",\"@graph\":[{\"@type\":\"WebPage\",\"@id\":\"https:\\\/\\\/blog.fesomia.cat\\\/es\\\/sobre-el-blog-de-enraona\\\/\",\"url\":\"https:\\\/\\\/blog.fesomia.cat\\\/es\\\/sobre-el-blog-de-enraona\\\/\",\"name\":\"Sobre el blog de Enraona - El blog de Fesomia\",\"isPartOf\":{\"@id\":\"https:\\\/\\\/blog.fesomia.cat\\\/#website\"},\"datePublished\":\"2015-11-06T09:53:37+00:00\",\"dateModified\":\"2015-11-06T09:54:43+00:00\",\"breadcrumb\":{\"@id\":\"https:\\\/\\\/blog.fesomia.cat\\\/es\\\/sobre-el-blog-de-enraona\\\/#breadcrumb\"},\"inLanguage\":\"es\",\"potentialAction\":[{\"@type\":\"ReadAction\",\"target\":[\"https:\\\/\\\/blog.fesomia.cat\\\/es\\\/sobre-el-blog-de-enraona\\\/\"]}]},{\"@type\":\"BreadcrumbList\",\"@id\":\"https:\\\/\\\/blog.fesomia.cat\\\/es\\\/sobre-el-blog-de-enraona\\\/#breadcrumb\",\"itemListElement\":[{\"@type\":\"ListItem\",\"position\":1,\"name\":\"Inici\",\"item\":\"https:\\\/\\\/blog.fesomia.cat\\\/\"},{\"@type\":\"ListItem\",\"position\":2,\"name\":\"Sobre el blog de Enraona\"}]},{\"@type\":\"WebSite\",\"@id\":\"https:\\\/\\\/blog.fesomia.cat\\\/#website\",\"url\":\"https:\\\/\\\/blog.fesomia.cat\\\/\",\"name\":\"El blog de Fesomia\",\"description\":\"Impreciso pero apasionante...\",\"potentialAction\":[{\"@type\":\"SearchAction\",\"target\":{\"@type\":\"EntryPoint\",\"urlTemplate\":\"https:\\\/\\\/blog.fesomia.cat\\\/?s={search_term_string}\"},\"query-input\":{\"@type\":\"PropertyValueSpecification\",\"valueRequired\":true,\"valueName\":\"search_term_string\"}}],\"inLanguage\":\"es\"}]}<\/script>\n<!-- \/ Yoast SEO plugin. -->","yoast_head_json":{"title":"Sobre el blog de Enraona - El blog de Fesomia","robots":{"index":"index","follow":"follow","max-snippet":"max-snippet:-1","max-image-preview":"max-image-preview:large","max-video-preview":"max-video-preview:-1"},"canonical":"https:\/\/blog.fesomia.cat\/es\/sobre-el-blog-de-enraona\/","og_locale":"es_ES","og_type":"article","og_title":"Sobre el blog de Enraona - El blog de Fesomia","og_description":"\u00bfQu\u00e9 es? Es un sitio web donde la gente de Fesomia volcamos algunas reflexiones sobre el mundo de Internet, las organizaciones y las empresas. Y entendemos empresa no s\u00f3lo en el sentido mercantil de la palabra, sino tambi\u00e9n en cualquier forma que represente el desarrollo de un proyecto importante para cualquier emprendedor. \u00bfY por qu\u00e9?&hellip; Seguir leyendo Sobre el blog de Enraona","og_url":"https:\/\/blog.fesomia.cat\/es\/sobre-el-blog-de-enraona\/","og_site_name":"El blog de Fesomia","article_modified_time":"2015-11-06T09:54:43+00:00","twitter_card":"summary_large_image","twitter_misc":{"Tiempo de lectura":"2 minutos"},"schema":{"@context":"https:\/\/schema.org","@graph":[{"@type":"WebPage","@id":"https:\/\/blog.fesomia.cat\/es\/sobre-el-blog-de-enraona\/","url":"https:\/\/blog.fesomia.cat\/es\/sobre-el-blog-de-enraona\/","name":"Sobre el blog de Enraona - El blog de Fesomia","isPartOf":{"@id":"https:\/\/blog.fesomia.cat\/#website"},"datePublished":"2015-11-06T09:53:37+00:00","dateModified":"2015-11-06T09:54:43+00:00","breadcrumb":{"@id":"https:\/\/blog.fesomia.cat\/es\/sobre-el-blog-de-enraona\/#breadcrumb"},"inLanguage":"es","potentialAction":[{"@type":"ReadAction","target":["https:\/\/blog.fesomia.cat\/es\/sobre-el-blog-de-enraona\/"]}]},{"@type":"BreadcrumbList","@id":"https:\/\/blog.fesomia.cat\/es\/sobre-el-blog-de-enraona\/#breadcrumb","itemListElement":[{"@type":"ListItem","position":1,"name":"Inici","item":"https:\/\/blog.fesomia.cat\/"},{"@type":"ListItem","position":2,"name":"Sobre el blog de Enraona"}]},{"@type":"WebSite","@id":"https:\/\/blog.fesomia.cat\/#website","url":"https:\/\/blog.fesomia.cat\/","name":"El blog de Fesomia","description":"Impreciso pero apasionante...","potentialAction":[{"@type":"SearchAction","target":{"@type":"EntryPoint","urlTemplate":"https:\/\/blog.fesomia.cat\/?s={search_term_string}"},"query-input":{"@type":"PropertyValueSpecification","valueRequired":true,"valueName":"search_term_string"}}],"inLanguage":"es"}]}},"amp_enabled":true,"_links":{"self":[{"href":"https:\/\/blog.fesomia.cat\/es\/wp-json\/wp\/v2\/pages\/2928","targetHints":{"allow":["GET"]}}],"collection":[{"href":"https:\/\/blog.fesomia.cat\/es\/wp-json\/wp\/v2\/pages"}],"about":[{"href":"https:\/\/blog.fesomia.cat\/es\/wp-json\/wp\/v2\/types\/page"}],"author":[{"embeddable":true,"href":"https:\/\/blog.fesomia.cat\/es\/wp-json\/wp\/v2\/users\/2"}],"replies":[{"embeddable":true,"href":"https:\/\/blog.fesomia.cat\/es\/wp-json\/wp\/v2\/comments?post=2928"}],"version-history":[{"count":1,"href":"https:\/\/blog.fesomia.cat\/es\/wp-json\/wp\/v2\/pages\/2928\/revisions"}],"predecessor-version":[{"id":2929,"href":"https:\/\/blog.fesomia.cat\/es\/wp-json\/wp\/v2\/pages\/2928\/revisions\/2929"}],"wp:attachment":[{"href":"https:\/\/blog.fesomia.cat\/es\/wp-json\/wp\/v2\/media?parent=2928"}],"curies":[{"name":"wp","href":"https:\/\/api.w.org\/{rel}","templated":true}]}}